{"id":3,"date":"2023-04-28T19:02:44","date_gmt":"2023-04-28T19:02:44","guid":{"rendered":"https:\/\/numerique.vamtam.com\/?page_id=3"},"modified":"2023-04-28T19:02:44","modified_gmt":"2023-04-28T19:02:44","slug":"privacy-policy","status":"publish","type":"page","link":"https:\/\/blog.commodo.co\/index.php\/privacy-policy\/","title":{"rendered":"Privacy Policy"},"content":{"rendered":"\t\t<div data-elementor-type=\"loop-item\" data-elementor-id=\"3\" class=\"elementor elementor-3 e-loop-item e-loop-item-3 post-3 page type-page status-publish has-post-thumbnail hentry\" data-elementor-post-type=\"page\" data-custom-edit-handle=\"1\">\n\t\t\t\t\t<section class=\"elementor-section elementor-top-section elementor-element elementor-element-18d3a72 elementor-section-height-min-height elementor-section-items-stretch elementor-section-boxed elementor-section-height-default\" data-id=\"18d3a72\" data-element_type=\"section\" data-e-type=\"section\" data-settings=\"{&quot;background_background&quot;:&quot;classic&quot;}\">\n\t\t\t\t\t\t\t<div class=\"elementor-background-overlay\"><\/div>\n\t\t\t\t\t\t\t<div class=\"elementor-container elementor-column-gap-no\">\n\t\t\t\t\t<div class=\"elementor-column elementor-col-100 elementor-top-column elementor-element elementor-element-8518e7f\" data-id=\"8518e7f\" data-element_type=\"column\" data-e-type=\"column\">\n\t\t\t<div class=\"elementor-widget-wrap elementor-element-populated\">\n\t\t\t\t\t\t<section class=\"elementor-section elementor-inner-section elementor-element elementor-element-5b4105b elementor-section-boxed elementor-section-height-default elementor-section-height-default\" data-id=\"5b4105b\" data-element_type=\"section\" data-e-type=\"section\">\n\t\t\t\t\t\t<div class=\"elementor-container elementor-column-gap-no\">\n\t\t\t\t\t<div class=\"elementor-column elementor-col-100 elementor-inner-column elementor-element elementor-element-ca6c642\" data-id=\"ca6c642\" data-element_type=\"column\" data-e-type=\"column\">\n\t\t\t<div class=\"elementor-widget-wrap elementor-element-populated\">\n\t\t\t\t\t\t<div class=\"elementor-element elementor-element-a313379 elementor-widget elementor-widget-heading\" data-id=\"a313379\" data-element_type=\"widget\" data-e-type=\"widget\" data-widget_type=\"heading.default\">\n\t\t\t\t<div class=\"elementor-widget-container\">\n\t\t\t\t\t<h3 class=\"elementor-heading-title elementor-size-default\"><a href=\"https:\/\/blog.commodo.co\/index.php\/privacy-policy\/\">+40%<\/a><\/h3>\t\t\t\t<\/div>\n\t\t\t\t<\/div>\n\t\t\t\t<div class=\"elementor-element elementor-element-d801dc0 elementor-widget-divider--view-line elementor-widget elementor-widget-divider\" data-id=\"d801dc0\" data-element_type=\"widget\" data-e-type=\"widget\" data-widget_type=\"divider.default\">\n\t\t\t\t<div class=\"elementor-widget-container\">\n\t\t\t\t\t\t\t<div class=\"elementor-divider\">\n\t\t\t<span class=\"elementor-divider-separator\">\n\t\t\t\t\t\t<\/span>\n\t\t<\/div>\n\t\t\t\t\t\t<\/div>\n\t\t\t\t<\/div>\n\t\t\t\t\t<\/div>\n\t\t<\/div>\n\t\t\t\t\t<\/div>\n\t\t<\/section>\n\t\t\t\t\t<\/div>\n\t\t<\/div>\n\t\t\t\t\t<\/div>\n\t\t<\/section>\n\t\t\t\t<\/div>\n\t\t","protected":false},"excerpt":{"rendered":"<p>Privacy Policy for Numerique LLC What information do we collect? When you interact with us, we may collect your name, address, email address(es), telephone number(s), and, where appropriate, date of birth. How do we collect information? We may collect information about you whenever you interact with us. For example, when you contact regarding our activities,&#8230;<\/p>\n","protected":false},"author":2,"featured_media":4139,"parent":0,"menu_order":0,"comment_status":"closed","ping_status":"closed","template":"","meta":{"om_disable_all_campaigns":false,"_monsterinsights_skip_tracking":false,"_monsterinsights_sitenote_active":false,"_monsterinsights_sitenote_note":"","_monsterinsights_sitenote_category":0,"_uf_show_specific_survey":0,"_uf_disable_surveys":false,"footnotes":""},"class_list":["post-3","page","type-page","status-publish","has-post-thumbnail","hentry"],"aioseo_notices":[],"yoast_head":"<!-- This site is optimized with the Yoast SEO plugin v27.3 - https:\/\/yoast.com\/product\/yoast-seo-wordpress\/ -->\n<title>Privacy Policy - Commodo News<\/title>\n<meta name=\"robots\" content=\"index, follow, max-snippet:-1, max-image-preview:large, max-video-preview:-1\" \/>\n<link rel=\"canonical\" href=\"https:\/\/blog.commodo.co\/index.php\/sorte-gana-con-tus-commodos\/\" \/>\n<meta property=\"og:locale\" content=\"es_ES\" \/>\n<meta property=\"og:type\" content=\"article\" \/>\n<meta property=\"og:title\" content=\"Privacy Policy - Commodo News\" \/>\n<meta property=\"og:description\" content=\"Privacy Policy for Numerique LLC What information do we collect? When you interact with us, we may collect your name, address, email address(es), telephone number(s), and, where appropriate, date of birth. How do we collect information? We may collect information about you whenever you interact with us. For example, when you contact regarding our activities,...\" \/>\n<meta property=\"og:url\" content=\"https:\/\/blog.commodo.co\/index.php\/sorte-gana-con-tus-commodos\/\" \/>\n<meta property=\"og:site_name\" content=\"Commodo News\" \/>\n<meta name=\"twitter:card\" content=\"summary_large_image\" \/>\n<meta name=\"twitter:label1\" content=\"Tiempo de lectura\" \/>\n\t<meta name=\"twitter:data1\" content=\"1 minuto\" \/>\n<script type=\"application\/ld+json\" class=\"yoast-schema-graph\">{\"@context\":\"https:\\\/\\\/schema.org\",\"@graph\":[{\"@type\":\"WebPage\",\"@id\":\"https:\\\/\\\/blog.commodo.co\\\/index.php\\\/sorte-gana-con-tus-commodos\\\/\",\"url\":\"https:\\\/\\\/blog.commodo.co\\\/index.php\\\/sorte-gana-con-tus-commodos\\\/\",\"name\":\"Privacy Policy - Commodo News\",\"isPartOf\":{\"@id\":\"https:\\\/\\\/blog.commodo.co\\\/#website\"},\"primaryImageOfPage\":{\"@id\":\"https:\\\/\\\/blog.commodo.co\\\/index.php\\\/sorte-gana-con-tus-commodos\\\/#primaryimage\"},\"image\":{\"@id\":\"https:\\\/\\\/blog.commodo.co\\\/index.php\\\/sorte-gana-con-tus-commodos\\\/#primaryimage\"},\"thumbnailUrl\":\"https:\\\/\\\/blog.commodo.co\\\/wp-content\\\/uploads\\\/2023\\\/05\\\/GettyImages-1146893850.jpg\",\"datePublished\":\"2023-04-28T19:02:44+00:00\",\"breadcrumb\":{\"@id\":\"https:\\\/\\\/blog.commodo.co\\\/index.php\\\/sorte-gana-con-tus-commodos\\\/#breadcrumb\"},\"inLanguage\":\"es\",\"potentialAction\":[{\"@type\":\"ReadAction\",\"target\":[\"https:\\\/\\\/blog.commodo.co\\\/index.php\\\/sorte-gana-con-tus-commodos\\\/\"]}]},{\"@type\":\"ImageObject\",\"inLanguage\":\"es\",\"@id\":\"https:\\\/\\\/blog.commodo.co\\\/index.php\\\/sorte-gana-con-tus-commodos\\\/#primaryimage\",\"url\":\"https:\\\/\\\/blog.commodo.co\\\/wp-content\\\/uploads\\\/2023\\\/05\\\/GettyImages-1146893850.jpg\",\"contentUrl\":\"https:\\\/\\\/blog.commodo.co\\\/wp-content\\\/uploads\\\/2023\\\/05\\\/GettyImages-1146893850.jpg\",\"width\":1028,\"height\":952},{\"@type\":\"BreadcrumbList\",\"@id\":\"https:\\\/\\\/blog.commodo.co\\\/index.php\\\/sorte-gana-con-tus-commodos\\\/#breadcrumb\",\"itemListElement\":[{\"@type\":\"ListItem\",\"position\":1,\"name\":\"Portada\",\"item\":\"https:\\\/\\\/blog.commodo.co\\\/\"},{\"@type\":\"ListItem\",\"position\":2,\"name\":\"Sorteo &#8220;Gana con tus Commodos&#8221;\"}]},{\"@type\":\"WebSite\",\"@id\":\"https:\\\/\\\/blog.commodo.co\\\/#website\",\"url\":\"https:\\\/\\\/blog.commodo.co\\\/\",\"name\":\"Commodo News\",\"description\":\"Descubre c\u00f3mo Commodo transforma la fidelizaci\u00f3n de clientes con tecnolog\u00eda innovadora. Estrategias, consejos y herramientas para potenciar el \u00e9xito de tu negocio.\",\"publisher\":{\"@id\":\"https:\\\/\\\/blog.commodo.co\\\/#organization\"},\"potentialAction\":[{\"@type\":\"SearchAction\",\"target\":{\"@type\":\"EntryPoint\",\"urlTemplate\":\"https:\\\/\\\/blog.commodo.co\\\/?s={search_term_string}\"},\"query-input\":{\"@type\":\"PropertyValueSpecification\",\"valueRequired\":true,\"valueName\":\"search_term_string\"}}],\"inLanguage\":\"es\"},{\"@type\":\"Organization\",\"@id\":\"https:\\\/\\\/blog.commodo.co\\\/#organization\",\"name\":\"Commodo News\",\"url\":\"https:\\\/\\\/blog.commodo.co\\\/\",\"logo\":{\"@type\":\"ImageObject\",\"inLanguage\":\"es\",\"@id\":\"https:\\\/\\\/blog.commodo.co\\\/#\\\/schema\\\/logo\\\/image\\\/\",\"url\":\"https:\\\/\\\/blog.commodo.co\\\/wp-content\\\/uploads\\\/2023\\\/05\\\/logo.svg\",\"contentUrl\":\"https:\\\/\\\/blog.commodo.co\\\/wp-content\\\/uploads\\\/2023\\\/05\\\/logo.svg\",\"width\":196,\"height\":67,\"caption\":\"Commodo News\"},\"image\":{\"@id\":\"https:\\\/\\\/blog.commodo.co\\\/#\\\/schema\\\/logo\\\/image\\\/\"},\"sameAs\":[\"https:\\\/\\\/instagram.com\\\/commodo.co\"]}]}<\/script>\n<!-- \/ Yoast SEO plugin. -->","yoast_head_json":{"title":"Privacy Policy - Commodo News","robots":{"index":"index","follow":"follow","max-snippet":"max-snippet:-1","max-image-preview":"max-image-preview:large","max-video-preview":"max-video-preview:-1"},"canonical":"https:\/\/blog.commodo.co\/index.php\/sorte-gana-con-tus-commodos\/","og_locale":"es_ES","og_type":"article","og_title":"Privacy Policy - Commodo News","og_description":"Privacy Policy for Numerique LLC What information do we collect? When you interact with us, we may collect your name, address, email address(es), telephone number(s), and, where appropriate, date of birth. How do we collect information? We may collect information about you whenever you interact with us. For example, when you contact regarding our activities,...","og_url":"https:\/\/blog.commodo.co\/index.php\/sorte-gana-con-tus-commodos\/","og_site_name":"Commodo News","twitter_card":"summary_large_image","twitter_misc":{"Tiempo de lectura":"1 minuto"},"schema":{"@context":"https:\/\/schema.org","@graph":[{"@type":"WebPage","@id":"https:\/\/blog.commodo.co\/index.php\/sorte-gana-con-tus-commodos\/","url":"https:\/\/blog.commodo.co\/index.php\/sorte-gana-con-tus-commodos\/","name":"Privacy Policy - Commodo News","isPartOf":{"@id":"https:\/\/blog.commodo.co\/#website"},"primaryImageOfPage":{"@id":"https:\/\/blog.commodo.co\/index.php\/sorte-gana-con-tus-commodos\/#primaryimage"},"image":{"@id":"https:\/\/blog.commodo.co\/index.php\/sorte-gana-con-tus-commodos\/#primaryimage"},"thumbnailUrl":"https:\/\/blog.commodo.co\/wp-content\/uploads\/2023\/05\/GettyImages-1146893850.jpg","datePublished":"2023-04-28T19:02:44+00:00","breadcrumb":{"@id":"https:\/\/blog.commodo.co\/index.php\/sorte-gana-con-tus-commodos\/#breadcrumb"},"inLanguage":"es","potentialAction":[{"@type":"ReadAction","target":["https:\/\/blog.commodo.co\/index.php\/sorte-gana-con-tus-commodos\/"]}]},{"@type":"ImageObject","inLanguage":"es","@id":"https:\/\/blog.commodo.co\/index.php\/sorte-gana-con-tus-commodos\/#primaryimage","url":"https:\/\/blog.commodo.co\/wp-content\/uploads\/2023\/05\/GettyImages-1146893850.jpg","contentUrl":"https:\/\/blog.commodo.co\/wp-content\/uploads\/2023\/05\/GettyImages-1146893850.jpg","width":1028,"height":952},{"@type":"BreadcrumbList","@id":"https:\/\/blog.commodo.co\/index.php\/sorte-gana-con-tus-commodos\/#breadcrumb","itemListElement":[{"@type":"ListItem","position":1,"name":"Portada","item":"https:\/\/blog.commodo.co\/"},{"@type":"ListItem","position":2,"name":"Sorteo &#8220;Gana con tus Commodos&#8221;"}]},{"@type":"WebSite","@id":"https:\/\/blog.commodo.co\/#website","url":"https:\/\/blog.commodo.co\/","name":"Commodo News","description":"Descubre c\u00f3mo Commodo transforma la fidelizaci\u00f3n de clientes con tecnolog\u00eda innovadora. Estrategias, consejos y herramientas para potenciar el \u00e9xito de tu negocio.","publisher":{"@id":"https:\/\/blog.commodo.co\/#organization"},"potentialAction":[{"@type":"SearchAction","target":{"@type":"EntryPoint","urlTemplate":"https:\/\/blog.commodo.co\/?s={search_term_string}"},"query-input":{"@type":"PropertyValueSpecification","valueRequired":true,"valueName":"search_term_string"}}],"inLanguage":"es"},{"@type":"Organization","@id":"https:\/\/blog.commodo.co\/#organization","name":"Commodo News","url":"https:\/\/blog.commodo.co\/","logo":{"@type":"ImageObject","inLanguage":"es","@id":"https:\/\/blog.commodo.co\/#\/schema\/logo\/image\/","url":"https:\/\/blog.commodo.co\/wp-content\/uploads\/2023\/05\/logo.svg","contentUrl":"https:\/\/blog.commodo.co\/wp-content\/uploads\/2023\/05\/logo.svg","width":196,"height":67,"caption":"Commodo News"},"image":{"@id":"https:\/\/blog.commodo.co\/#\/schema\/logo\/image\/"},"sameAs":["https:\/\/instagram.com\/commodo.co"]}]}},"_links":{"self":[{"href":"https:\/\/blog.commodo.co\/index.php\/wp-json\/wp\/v2\/pages\/3","targetHints":{"allow":["GET"]}}],"collection":[{"href":"https:\/\/blog.commodo.co\/index.php\/wp-json\/wp\/v2\/pages"}],"about":[{"href":"https:\/\/blog.commodo.co\/index.php\/wp-json\/wp\/v2\/types\/page"}],"author":[{"embeddable":true,"href":"https:\/\/blog.commodo.co\/index.php\/wp-json\/wp\/v2\/users\/2"}],"replies":[{"embeddable":true,"href":"https:\/\/blog.commodo.co\/index.php\/wp-json\/wp\/v2\/comments?post=3"}],"version-history":[{"count":0,"href":"https:\/\/blog.commodo.co\/index.php\/wp-json\/wp\/v2\/pages\/3\/revisions"}],"wp:featuredmedia":[{"embeddable":true,"href":"https:\/\/blog.commodo.co\/index.php\/wp-json\/wp\/v2\/media\/4139"}],"wp:attachment":[{"href":"https:\/\/blog.commodo.co\/index.php\/wp-json\/wp\/v2\/media?parent=3"}],"curies":[{"name":"wp","href":"https:\/\/api.w.org\/{rel}","templated":true}]}}